{"id":2508,"date":"2025-05-15T00:15:38","date_gmt":"2025-05-14T22:15:38","guid":{"rendered":"https:\/\/repacktravelmktg.com\/?page_id=2508"},"modified":"2025-05-15T02:04:27","modified_gmt":"2025-05-15T00:04:27","slug":"marsa-nakari-camp","status":"publish","type":"page","link":"https:\/\/repacktravelmktg.com\/de\/marsa-nakari-camp\/","title":{"rendered":"Marsa Nakari Camp"},"content":{"rendered":"<div data-elementor-type=\"wp-page\" data-elementor-id=\"2508\" class=\"elementor elementor-2508\" data-elementor-post-type=\"page\">\n\t\t\t\t\t\t<section class=\"elementor-section elementor-top-section elementor-element elementor-element-84a71a7 elementor-section-height-min-height elementor-section-items-stretch elementor-section-boxed elementor-section-height-default row-top\" data-id=\"84a71a7\" data-element_type=\"section\" data-e-type=\"section\" data-settings=\"{&quot;background_background&quot;:&quot;classic&quot;}\">\n\t\t\t\t\t\t\t<div class=\"elementor-background-overlay\"><\/div>\n\t\t\t\t\t\t\t<div class=\"elementor-container elementor-column-gap-default\">\n\t\t\t\t\t<div class=\"elementor-column elementor-col-100 elementor-top-column elementor-element elementor-element-8ee60ae\" data-id=\"8ee60ae\" data-element_type=\"column\" data-e-type=\"column\">\n\t\t\t<div class=\"elementor-widget-wrap elementor-element-populated\">\n\t\t\t\t\t\t<div class=\"elementor-element elementor-element-a95b934 elementor-widget elementor-widget-heading\" data-id=\"a95b934\" data-element_type=\"widget\" data-e-type=\"widget\" data-widget_type=\"heading.default\">\n\t\t\t\t<div class=\"elementor-widget-container\">\n\t\t\t\t\t<h1 class=\"elementor-heading-title elementor-size-default\">Marsa Nakari Camp<\/h1>\t\t\t\t<\/div>\n\t\t\t\t<\/div>\n\t\t\t\t<section class=\"elementor-section elementor-inner-section elementor-element elementor-element-e026078 elementor-section-boxed elementor-section-height-default elementor-section-height-default row-top\" data-id=\"e026078\" data-element_type=\"section\" data-e-type=\"section\">\n\t\t\t\t\t\t<div class=\"elementor-container elementor-column-gap-default\">\n\t\t\t\t\t<div class=\"elementor-column elementor-col-33 elementor-inner-column elementor-element elementor-element-6f4d284\" data-id=\"6f4d284\" data-element_type=\"column\" data-e-type=\"column\" data-settings=\"{&quot;background_background&quot;:&quot;classic&quot;}\">\n\t\t\t<div class=\"elementor-widget-wrap elementor-element-populated\">\n\t\t\t\t\t\t<div class=\"elementor-element elementor-element-75bd43f elementor-widget elementor-widget-image\" data-id=\"75bd43f\" data-element_type=\"widget\" data-e-type=\"widget\" data-widget_type=\"image.default\">\n\t\t\t\t<div class=\"elementor-widget-container\">\n\t\t\t\t\t\t\t\t\t\t\t\t\t\t\t<img decoding=\"async\" width=\"65\" height=\"57\" src=\"https:\/\/repacktravelmktg.com\/wp-content\/uploads\/2024\/05\/trailer.png\" class=\"attachment-full size-full wp-image-1353\" alt=\"\" \/>\t\t\t\t\t\t\t\t\t\t\t\t\t\t\t<\/div>\n\t\t\t\t<\/div>\n\t\t\t\t<div class=\"elementor-element elementor-element-145eca1 elementor-widget elementor-widget-heading\" data-id=\"145eca1\" data-element_type=\"widget\" data-e-type=\"widget\" data-widget_type=\"heading.default\">\n\t\t\t\t<div class=\"elementor-widget-container\">\n\t\t\t\t\t<h3 class=\"elementor-heading-title elementor-size-default\">Tauchpakete<\/h3>\t\t\t\t<\/div>\n\t\t\t\t<\/div>\n\t\t\t\t<div class=\"elementor-element elementor-element-65c5a00 elementor-widget elementor-widget-text-editor\" data-id=\"65c5a00\" data-element_type=\"widget\" data-e-type=\"widget\" data-widget_type=\"text-editor.default\">\n\t\t\t\t<div class=\"elementor-widget-container\">\n\t\t\t\t\t\t\t\t\t<p>Tauchen Sie ein in eine Welt voller Wunder! Entdecken Sie Marsa Alams atemberaubendes Unterwasserparadies mit unseren Tauchpaketen. Wir bieten Angebote f\u00fcr alle Erfahrungsstufen, vom neugierigen Anf\u00e4nger bis zum erfahrenen technischen Taucher.<\/p>\t\t\t\t\t\t\t\t<\/div>\n\t\t\t\t<\/div>\n\t\t\t\t\t<\/div>\n\t\t<\/div>\n\t\t\t\t<div class=\"elementor-column elementor-col-33 elementor-inner-column elementor-element elementor-element-c20a636\" data-id=\"c20a636\" data-element_type=\"column\" data-e-type=\"column\" data-settings=\"{&quot;background_background&quot;:&quot;classic&quot;}\">\n\t\t\t<div class=\"elementor-widget-wrap elementor-element-populated\">\n\t\t\t\t\t\t<div class=\"elementor-element elementor-element-9073da6 elementor-widget elementor-widget-image\" data-id=\"9073da6\" data-element_type=\"widget\" data-e-type=\"widget\" data-widget_type=\"image.default\">\n\t\t\t\t<div class=\"elementor-widget-container\">\n\t\t\t\t\t\t\t\t\t\t\t\t\t\t\t<img decoding=\"async\" width=\"65\" height=\"57\" src=\"https:\/\/repacktravelmktg.com\/wp-content\/uploads\/2024\/05\/martt.png\" class=\"attachment-full size-full wp-image-1354\" alt=\"\" \/>\t\t\t\t\t\t\t\t\t\t\t\t\t\t\t<\/div>\n\t\t\t\t<\/div>\n\t\t\t\t<div class=\"elementor-element elementor-element-55d3940 elementor-widget elementor-widget-heading\" data-id=\"55d3940\" data-element_type=\"widget\" data-e-type=\"widget\" data-widget_type=\"heading.default\">\n\t\t\t\t<div class=\"elementor-widget-container\">\n\t\t\t\t\t<h3 class=\"elementor-heading-title elementor-size-default\">UNTERKUNFT <\/h3>\t\t\t\t<\/div>\n\t\t\t\t<\/div>\n\t\t\t\t<div class=\"elementor-element elementor-element-1a7439b elementor-widget elementor-widget-text-editor\" data-id=\"1a7439b\" data-element_type=\"widget\" data-e-type=\"widget\" data-widget_type=\"text-editor.default\">\n\t\t\t\t<div class=\"elementor-widget-container\">\n\t\t\t\t\t\t\t\t\t<p>Entfliehen Sie dem Tauchgl\u00fcck nach Marsa Alam! <strong>Vervollst\u00e4ndigen Sie Ihr Unterwasserabenteuer<\/strong> mit der perfekten Unterkunft, die zu Ihrem Tauchstil passt.<\/p>\t\t\t\t\t\t\t\t<\/div>\n\t\t\t\t<\/div>\n\t\t\t\t\t<\/div>\n\t\t<\/div>\n\t\t\t\t<div class=\"elementor-column elementor-col-33 elementor-inner-column elementor-element elementor-element-d092c53\" data-id=\"d092c53\" data-element_type=\"column\" data-e-type=\"column\" data-settings=\"{&quot;background_background&quot;:&quot;classic&quot;}\">\n\t\t\t<div class=\"elementor-widget-wrap elementor-element-populated\">\n\t\t\t\t\t\t<div class=\"elementor-element elementor-element-8f9dea8 elementor-widget elementor-widget-image\" data-id=\"8f9dea8\" data-element_type=\"widget\" data-e-type=\"widget\" data-widget_type=\"image.default\">\n\t\t\t\t<div class=\"elementor-widget-container\">\n\t\t\t\t\t\t\t\t\t\t\t\t\t\t\t<img decoding=\"async\" width=\"40\" height=\"57\" src=\"https:\/\/repacktravelmktg.com\/wp-content\/uploads\/2024\/05\/Traveling_icons_20.png\" class=\"attachment-full size-full wp-image-1355\" alt=\"\" \/>\t\t\t\t\t\t\t\t\t\t\t\t\t\t\t<\/div>\n\t\t\t\t<\/div>\n\t\t\t\t<div class=\"elementor-element elementor-element-eb75c56 elementor-widget elementor-widget-heading\" data-id=\"eb75c56\" data-element_type=\"widget\" data-e-type=\"widget\" data-widget_type=\"heading.default\">\n\t\t\t\t<div class=\"elementor-widget-container\">\n\t\t\t\t\t<h3 class=\"elementor-heading-title elementor-size-default\">Transport<\/h3>\t\t\t\t<\/div>\n\t\t\t\t<\/div>\n\t\t\t\t<div class=\"elementor-element elementor-element-643f380 elementor-widget elementor-widget-text-editor\" data-id=\"643f380\" data-element_type=\"widget\" data-e-type=\"widget\" data-widget_type=\"text-editor.default\">\n\t\t\t\t<div class=\"elementor-widget-container\">\n\t\t\t\t\t\t\t\t\t<p><strong>Tauchen Sie stressfrei in Marsa Alam!<\/strong> Alle Pakete beinhalten Flughafentransfers. Entspannen, erkunden und tauchen!<\/p>\t\t\t\t\t\t\t\t<\/div>\n\t\t\t\t<\/div>\n\t\t\t\t\t<\/div>\n\t\t<\/div>\n\t\t\t\t\t<\/div>\n\t\t<\/section>\n\t\t\t\t\t<\/div>\n\t\t<\/div>\n\t\t\t\t\t<\/div>\n\t\t<\/section>\n\t\t\t\t<section class=\"elementor-section elementor-top-section elementor-element elementor-element-15f8d46 elementor-section-content-middle elementor-reverse-mobile elementor-section-boxed elementor-section-height-default elementor-section-height-default row-top\" data-id=\"15f8d46\" data-element_type=\"section\" data-e-type=\"section\" data-settings=\"{&quot;background_background&quot;:&quot;classic&quot;}\">\n\t\t\t\t\t\t<div class=\"elementor-container elementor-column-gap-no\">\n\t\t\t\t\t<div class=\"elementor-column elementor-col-50 elementor-top-column elementor-element elementor-element-49b84a1\" data-id=\"49b84a1\" data-element_type=\"column\" data-e-type=\"column\" data-settings=\"{&quot;background_background&quot;:&quot;classic&quot;}\">\n\t\t\t<div class=\"elementor-widget-wrap elementor-element-populated\">\n\t\t\t\t\t<div class=\"elementor-background-overlay\"><\/div>\n\t\t\t\t\t\t<div class=\"elementor-element elementor-element-bfac67c elementor-widget elementor-widget-spacer\" data-id=\"bfac67c\" data-element_type=\"widget\" data-e-type=\"widget\" data-widget_type=\"spacer.default\">\n\t\t\t\t<div class=\"elementor-widget-container\">\n\t\t\t\t\t\t\t<div class=\"elementor-spacer\">\n\t\t\t<div class=\"elementor-spacer-inner\"><\/div>\n\t\t<\/div>\n\t\t\t\t\t\t<\/div>\n\t\t\t\t<\/div>\n\t\t\t\t\t<\/div>\n\t\t<\/div>\n\t\t\t\t<div class=\"elementor-column elementor-col-50 elementor-top-column elementor-element elementor-element-082917f\" data-id=\"082917f\" data-element_type=\"column\" data-e-type=\"column\">\n\t\t\t<div class=\"elementor-widget-wrap elementor-element-populated\">\n\t\t\t\t\t\t<div class=\"elementor-element elementor-element-14a7214 elementor-widget elementor-widget-heading\" data-id=\"14a7214\" data-element_type=\"widget\" data-e-type=\"widget\" data-widget_type=\"heading.default\">\n\t\t\t\t<div class=\"elementor-widget-container\">\n\t\t\t\t\t<span class=\"elementor-heading-title elementor-size-default\">\u00dcbernachten &amp; Tauchen<\/span>\t\t\t\t<\/div>\n\t\t\t\t<\/div>\n\t\t\t\t<div class=\"elementor-element elementor-element-a9a4e96 elementor-widget elementor-widget-heading\" data-id=\"a9a4e96\" data-element_type=\"widget\" data-e-type=\"widget\" data-widget_type=\"heading.default\">\n\t\t\t\t<div class=\"elementor-widget-container\">\n\t\t\t\t\t<h2 class=\"elementor-heading-title elementor-size-default\">Tauchen in Marsa Nakari<\/h2>\t\t\t\t<\/div>\n\t\t\t\t<\/div>\n\t\t\t\t<div class=\"elementor-element elementor-element-0995f16 elementor-widget elementor-widget-text-editor\" data-id=\"0995f16\" data-element_type=\"widget\" data-e-type=\"widget\" data-widget_type=\"text-editor.default\">\n\t\t\t\t<div class=\"elementor-widget-container\">\n\t\t\t\t\t\t\t\t\t<p>Entfliehen Sie der Ruhe von Marsa Nakari, einem der bestgeh\u00fcteten Geheimnisse f\u00fcr Taucher im Roten Meer in \u00c4gypten. Dieses umweltfreundliche Refugium an der S\u00fcdk\u00fcste des Roten Meeres ist ideal f\u00fcr Taucher, Schnorchler und Naturliebhaber, die ein intensives und nachhaltiges Meereserlebnis suchen.<\/p>\t\t\t\t\t\t\t\t<\/div>\n\t\t\t\t<\/div>\n\t\t\t\t\t<\/div>\n\t\t<\/div>\n\t\t\t\t\t<\/div>\n\t\t<\/section>\n\t\t\t\t<section class=\"elementor-section elementor-top-section elementor-element elementor-element-357f1fe elementor-section-full_width elementor-section-height-default elementor-section-height-default row-top\" data-id=\"357f1fe\" data-element_type=\"section\" data-e-type=\"section\">\n\t\t\t\t\t\t<div class=\"elementor-container elementor-column-gap-default\">\n\t\t\t\t\t<div class=\"elementor-column elementor-col-20 elementor-top-column elementor-element elementor-element-18d8796\" data-id=\"18d8796\" data-element_type=\"column\" data-e-type=\"column\" data-settings=\"{&quot;background_background&quot;:&quot;classic&quot;}\">\n\t\t\t<div class=\"elementor-widget-wrap elementor-element-populated\">\n\t\t\t\t\t<div class=\"elementor-background-overlay\"><\/div>\n\t\t\t\t\t\t<div class=\"elementor-element elementor-element-3ef95a2 elementor-widget elementor-widget-spacer\" data-id=\"3ef95a2\" data-element_type=\"widget\" data-e-type=\"widget\" data-widget_type=\"spacer.default\">\n\t\t\t\t<div class=\"elementor-widget-container\">\n\t\t\t\t\t\t\t<div class=\"elementor-spacer\">\n\t\t\t<div class=\"elementor-spacer-inner\"><\/div>\n\t\t<\/div>\n\t\t\t\t\t\t<\/div>\n\t\t\t\t<\/div>\n\t\t\t\t\t<\/div>\n\t\t<\/div>\n\t\t\t\t<div class=\"elementor-column elementor-col-20 elementor-top-column elementor-element elementor-element-34582e2\" data-id=\"34582e2\" data-element_type=\"column\" data-e-type=\"column\" data-settings=\"{&quot;background_background&quot;:&quot;classic&quot;}\">\n\t\t\t<div class=\"elementor-widget-wrap elementor-element-populated\">\n\t\t\t\t\t<div class=\"elementor-background-overlay\"><\/div>\n\t\t\t\t\t\t<div class=\"elementor-element elementor-element-bfd3576 elementor-widget elementor-widget-spacer\" data-id=\"bfd3576\" data-element_type=\"widget\" data-e-type=\"widget\" data-widget_type=\"spacer.default\">\n\t\t\t\t<div class=\"elementor-widget-container\">\n\t\t\t\t\t\t\t<div class=\"elementor-spacer\">\n\t\t\t<div class=\"elementor-spacer-inner\"><\/div>\n\t\t<\/div>\n\t\t\t\t\t\t<\/div>\n\t\t\t\t<\/div>\n\t\t\t\t\t<\/div>\n\t\t<\/div>\n\t\t\t\t<div class=\"elementor-column elementor-col-20 elementor-top-column elementor-element elementor-element-07ff071\" data-id=\"07ff071\" data-element_type=\"column\" data-e-type=\"column\" data-settings=\"{&quot;background_background&quot;:&quot;classic&quot;}\">\n\t\t\t<div class=\"elementor-widget-wrap elementor-element-populated\">\n\t\t\t\t\t<div class=\"elementor-background-overlay\"><\/div>\n\t\t\t\t\t\t<div class=\"elementor-element elementor-element-8129687 elementor-widget elementor-widget-spacer\" data-id=\"8129687\" data-element_type=\"widget\" data-e-type=\"widget\" data-widget_type=\"spacer.default\">\n\t\t\t\t<div class=\"elementor-widget-container\">\n\t\t\t\t\t\t\t<div class=\"elementor-spacer\">\n\t\t\t<div class=\"elementor-spacer-inner\"><\/div>\n\t\t<\/div>\n\t\t\t\t\t\t<\/div>\n\t\t\t\t<\/div>\n\t\t\t\t\t<\/div>\n\t\t<\/div>\n\t\t\t\t<div class=\"elementor-column elementor-col-20 elementor-top-column elementor-element elementor-element-f34296e\" data-id=\"f34296e\" data-element_type=\"column\" data-e-type=\"column\" data-settings=\"{&quot;background_background&quot;:&quot;classic&quot;}\">\n\t\t\t<div class=\"elementor-widget-wrap elementor-element-populated\">\n\t\t\t\t\t<div class=\"elementor-background-overlay\"><\/div>\n\t\t\t\t\t\t<div class=\"elementor-element elementor-element-b87f6f9 elementor-widget elementor-widget-spacer\" data-id=\"b87f6f9\" data-element_type=\"widget\" data-e-type=\"widget\" data-widget_type=\"spacer.default\">\n\t\t\t\t<div class=\"elementor-widget-container\">\n\t\t\t\t\t\t\t<div class=\"elementor-spacer\">\n\t\t\t<div class=\"elementor-spacer-inner\"><\/div>\n\t\t<\/div>\n\t\t\t\t\t\t<\/div>\n\t\t\t\t<\/div>\n\t\t\t\t\t<\/div>\n\t\t<\/div>\n\t\t\t\t<div class=\"elementor-column elementor-col-20 elementor-top-column elementor-element elementor-element-4ce3900\" data-id=\"4ce3900\" data-element_type=\"column\" data-e-type=\"column\" data-settings=\"{&quot;background_background&quot;:&quot;classic&quot;}\">\n\t\t\t<div class=\"elementor-widget-wrap elementor-element-populated\">\n\t\t\t\t\t<div class=\"elementor-background-overlay\"><\/div>\n\t\t\t\t\t\t<div class=\"elementor-element elementor-element-a8d322b elementor-widget elementor-widget-spacer\" data-id=\"a8d322b\" data-element_type=\"widget\" data-e-type=\"widget\" data-widget_type=\"spacer.default\">\n\t\t\t\t<div class=\"elementor-widget-container\">\n\t\t\t\t\t\t\t<div class=\"elementor-spacer\">\n\t\t\t<div class=\"elementor-spacer-inner\"><\/div>\n\t\t<\/div>\n\t\t\t\t\t\t<\/div>\n\t\t\t\t<\/div>\n\t\t\t\t\t<\/div>\n\t\t<\/div>\n\t\t\t\t\t<\/div>\n\t\t<\/section>\n\t\t\t\t<section class=\"elementor-section elementor-top-section elementor-element elementor-element-ff3b131 elementor-section-boxed elementor-section-height-default elementor-section-height-default row-top\" data-id=\"ff3b131\" data-element_type=\"section\" data-e-type=\"section\">\n\t\t\t\t\t\t<div class=\"elementor-container elementor-column-gap-default\">\n\t\t\t\t\t<div class=\"elementor-column elementor-col-100 elementor-top-column elementor-element elementor-element-d1d1dfa\" data-id=\"d1d1dfa\" data-element_type=\"column\" data-e-type=\"column\">\n\t\t\t<div class=\"elementor-widget-wrap elementor-element-populated\">\n\t\t\t\t\t\t<div class=\"elementor-element elementor-element-dfe657e elementor-widget elementor-widget-gva-heading-block\" data-id=\"dfe657e\" data-element_type=\"widget\" data-e-type=\"widget\" data-widget_type=\"gva-heading-block.default\">\n\t\t\t\t<div class=\"elementor-widget-container\">\n\t\t\t\t\t<div class=\"gva-element-gva-heading-block gva-element\">   <div class=\"align-center style-1 widget gsc-heading box-align-center auto-responsive\">\r\n      <div class=\"content-inner\">\r\n         \r\n                  \r\n                     <div class=\"sub-title\"><span>Scharm El-Scheich<\/span><\/div>\r\n           \r\n         \r\n                     <h2 class=\"title\">\r\n               <span>Beliebteste Tauchg\u00e4nge <\/span>\r\n            <\/h2>\r\n                  \r\n         \r\n      <\/div>\r\n   <\/div>\r\n<\/div>\t\t\t\t<\/div>\n\t\t\t\t<\/div>\n\t\t\t\t<div class=\"elementor-element elementor-element-a92f643 animated-fast elementor-invisible elementor-widget elementor-widget-gva_ba_booking\" data-id=\"a92f643\" data-element_type=\"widget\" data-e-type=\"widget\" data-settings=\"{&quot;_animation&quot;:&quot;fadeIn&quot;}\" data-widget_type=\"gva_ba_booking.default\">\n\t\t\t\t<div class=\"elementor-widget-container\">\n\t\t\t\t\t<div class=\"gva-element-gva_ba_booking gva-element\">\t\r\n\t<div class=\"gva-booking-carousel swiper-slider-wrapper gva-booking-allitems\">\r\n\t\t<div class=\"swiper-content-inner\">\r\n\t\t\t<div class=\"init-carousel-swiper swiper\" data-carousel=\"{&quot;items&quot;:4,&quot;items_lg&quot;:4,&quot;items_md&quot;:3,&quot;items_sm&quot;:2,&quot;items_xs&quot;:2,&quot;items_xx&quot;:1,&quot;effect&quot;:&quot;slide&quot;,&quot;space_between&quot;:30,&quot;loop&quot;:1,&quot;speed&quot;:600,&quot;autoplay&quot;:0,&quot;autoplay_delay&quot;:4500,&quot;autoplay_hover&quot;:1,&quot;navigation&quot;:1,&quot;pagination&quot;:1,&quot;dynamic_bullets&quot;:1,&quot;pagination_type&quot;:&quot;bullets&quot;}\">\r\n\t\t\t\t<div class=\"swiper-wrapper\">\r\n\t\t\t\t\t<div class=\"swiper-slide\">\r\n<div class=\"booking-block-3 ba-block-item\">\r\n\t<div class=\"babe-block-content\">\r\n\t\t<div class=\"post-image\">\r\n\t\t\t\t\t\t\t<a class=\"post-link\" href=\"https:\/\/repacktravelmktg.com\/de\/booking\/marsa-nakari-6-days-5-nights-excursion-diving-package\/\">\r\n\t\t\t\t\t<img decoding=\"async\" src=\"https:\/\/repacktravelmktg.com\/wp-content\/uploads\/2025\/05\/Red-Seas-Hidden-410x450.jpg\" alt=\"Marsa Nakari 6 days 5 Nights Excursion Diving Adventure\">\r\n\t\t\t\t<\/a>\r\n\t\t\t  \r\n\r\n\t\t\t\r\n         \t\t<div class=\"wishlist-icon\">\r\n\t\t\t<a href=\"#\" data-post_id=\"2532\" class=\"ajax-wishlist-link wishlist-add\" title=\"Wunschliste\">\r\n\t\t\t\t<i class=\"icon far fa-heart\"><\/i>\r\n\t\t\t\t\t\t\t<\/a>\r\n\t \t<\/div> \r\n\t\t\t\t<a class=\"overlay\" href=\"https:\/\/repacktravelmktg.com\/de\/booking\/marsa-nakari-6-days-5-nights-excursion-diving-package\/\"><\/a> \r\n         \r\n\t  \t<\/div>\r\n\r\n\t\t  <div class=\"booking-content\">\r\n\t\t\t\t<div class=\"content-inner\">\r\n\t\t\t\t\t\r\n\t\t\t\t\t<div class=\"content-top\">\r\n\t\t\t\t\t\t\r\n\t\t\t\t\t\t\t\t\t\t\t\t\t<div class=\"ba-media\">\r\n\r\n\t\t\t\t\t\t\t\t\t\t\t\t\t\t\t\t\t\t\t<a class=\"ba-gallery\" href=\"https:\/\/repacktravelmktg.com\/wp-content\/uploads\/2025\/05\/Nakari-Camp-04.jpg\" data-elementor-lightbox-slideshow=\"1280229984\">\r\n\t\t\t\t\t\t\t\t\t\t\t\t<i class=\"las la-camera\"><\/i><span>7<\/span>\t\t\t\t\t\t\t\t\t\t\t<\/a>\r\n\t\t\t\t\t\t\t\t\t\t\t\t\t\t\t\t\t\t\t\t\t<a class=\"hidden\" href=\"https:\/\/repacktravelmktg.com\/wp-content\/uploads\/2025\/05\/Nakari-Camp-02.jpg\" data-elementor-lightbox-slideshow=\"1280229984\">\r\n\t\t\t\t\t\t\t\t\t\t\t\t\t\t\t\t\t\t\t\t\t\t\t<\/a>\r\n\t\t\t\t\t\t\t\t\t\t\t\t\t\t\t\t\t\t\t\t\t<a class=\"hidden\" href=\"https:\/\/repacktravelmktg.com\/wp-content\/uploads\/2025\/05\/Nakari-Camp-07.jpg\" data-elementor-lightbox-slideshow=\"1280229984\">\r\n\t\t\t\t\t\t\t\t\t\t\t\t\t\t\t\t\t\t\t\t\t\t\t<\/a>\r\n\t\t\t\t\t\t\t\t\t\t\t\t\t\t\t\t\t\t\t\t\t<a class=\"hidden\" href=\"https:\/\/repacktravelmktg.com\/wp-content\/uploads\/2025\/05\/Wadi-Lahami-03.jpg\" data-elementor-lightbox-slideshow=\"1280229984\">\r\n\t\t\t\t\t\t\t\t\t\t\t\t\t\t\t\t\t\t\t\t\t\t\t<\/a>\r\n\t\t\t\t\t\t\t\t\t\t\t\t\t\t\t\t\t\t\t\t\t<a class=\"hidden\" href=\"https:\/\/repacktravelmktg.com\/wp-content\/uploads\/2025\/05\/Nakari-Camp-01.jpg\" data-elementor-lightbox-slideshow=\"1280229984\">\r\n\t\t\t\t\t\t\t\t\t\t\t\t\t\t\t\t\t\t\t\t\t\t\t<\/a>\r\n\t\t\t\t\t\t\t\t\t\t\t\t\t\t\t\t\t\t\t\t\t<a class=\"hidden\" href=\"https:\/\/repacktravelmktg.com\/wp-content\/uploads\/2025\/05\/Wadi-Lahami-01.jpg\" data-elementor-lightbox-slideshow=\"1280229984\">\r\n\t\t\t\t\t\t\t\t\t\t\t\t\t\t\t\t\t\t\t\t\t\t\t<\/a>\r\n\t\t\t\t\t\t\t\t\t\t\t\t\t\t\t\t\t\t\t\t\t<a class=\"hidden\" href=\"https:\/\/repacktravelmktg.com\/wp-content\/uploads\/2025\/05\/Nakari-Camp-08.jpg\" data-elementor-lightbox-slideshow=\"1280229984\">\r\n\t\t\t\t\t\t\t\t\t\t\t\t\t\t\t\t\t\t\t\t\t\t\t<\/a>\r\n\t\t\t\t\t\t\t\t\t\t\r\n\t\t\t\t\t\t\t\t\r\n\t\t\t\t\t\t\t<\/div>\r\n\t\t\t\t\t\t\t\t\t\t\t<\/div>\r\n\r\n\t\t\t\t\t<h3 class=\"title\">\r\n\t\t\t\t\t\t<a href=\"https:\/\/repacktravelmktg.com\/de\/booking\/marsa-nakari-6-days-5-nights-excursion-diving-package\/\">Marsa Nakari 6 Tage 5 N\u00e4chte Ausflug Tauchabenteuer<\/a>\r\n\t\t\t\t\t<\/h3>\r\n\t\t\t\t\t\r\n\t\t\t\t\t\r\n\t\t\t\t\t<div class=\"ba-price\">\r\n\t\t\t\t\t\t<label>Aus<\/label>\r\n\t\t\t\t\t\t<span class=\"item_info_price_new\"><span class=\"currency_amount\" data-amount=\"960\"><span class=\"currency_symbol\">\u20ac<\/span>960.00<\/span><\/span>\r\n\t\t\t\t\t\t\t\t\t\t\t<\/div>\r\n\t\t\t\t<\/div>   \r\n\r\n\t\t  <\/div>\r\n\t <\/div>\r\n<\/div><\/div><div class=\"swiper-slide\">\r\n<div class=\"booking-block-3 ba-block-item\">\r\n\t<div class=\"babe-block-content\">\r\n\t\t<div class=\"post-image\">\r\n\t\t\t\t\t\t\t<a class=\"post-link\" href=\"https:\/\/repacktravelmktg.com\/de\/booking\/marsa-nakari-6-days-5-nights-house-reef-diving-package\/\">\r\n\t\t\t\t\t<img decoding=\"async\" src=\"https:\/\/repacktravelmktg.com\/wp-content\/uploads\/2025\/05\/House-Reef-Diving-Package-410x450.jpg\" alt=\"Marsa Nakari 6 days 5 Nights House Reef Diving Adventure\">\r\n\t\t\t\t<\/a>\r\n\t\t\t  \r\n\r\n\t\t\t<div class=\"item-labels\"><span class=\"item-label item-featured\">Empfohlen<\/span><\/div>\r\n         \t\t<div class=\"wishlist-icon\">\r\n\t\t\t<a href=\"#\" data-post_id=\"2548\" class=\"ajax-wishlist-link wishlist-add\" title=\"Wunschliste\">\r\n\t\t\t\t<i class=\"icon far fa-heart\"><\/i>\r\n\t\t\t\t\t\t\t<\/a>\r\n\t \t<\/div> \r\n\t\t\t\t<a class=\"overlay\" href=\"https:\/\/repacktravelmktg.com\/de\/booking\/marsa-nakari-6-days-5-nights-house-reef-diving-package\/\"><\/a> \r\n         \r\n\t  \t<\/div>\r\n\r\n\t\t  <div class=\"booking-content\">\r\n\t\t\t\t<div class=\"content-inner\">\r\n\t\t\t\t\t\r\n\t\t\t\t\t<div class=\"content-top\">\r\n\t\t\t\t\t\t\r\n\t\t\t\t\t\t\t\t\t\t\t\t\t<div class=\"ba-media\">\r\n\r\n\t\t\t\t\t\t\t\t\t\t\t\t\t\t\t\t\t\t\t<a class=\"ba-gallery\" href=\"https:\/\/repacktravelmktg.com\/wp-content\/uploads\/2025\/05\/Nakari-Camp-03.jpg\" data-elementor-lightbox-slideshow=\"1868233395\">\r\n\t\t\t\t\t\t\t\t\t\t\t\t<i class=\"las la-camera\"><\/i><span>4<\/span>\t\t\t\t\t\t\t\t\t\t\t<\/a>\r\n\t\t\t\t\t\t\t\t\t\t\t\t\t\t\t\t\t\t\t\t\t<a class=\"hidden\" href=\"https:\/\/repacktravelmktg.com\/wp-content\/uploads\/2025\/05\/Nakari-Camp-07.jpg\" data-elementor-lightbox-slideshow=\"1868233395\">\r\n\t\t\t\t\t\t\t\t\t\t\t\t\t\t\t\t\t\t\t\t\t\t\t<\/a>\r\n\t\t\t\t\t\t\t\t\t\t\t\t\t\t\t\t\t\t\t\t\t<a class=\"hidden\" href=\"https:\/\/repacktravelmktg.com\/wp-content\/uploads\/2025\/05\/Wadi-Lahami-01.jpg\" data-elementor-lightbox-slideshow=\"1868233395\">\r\n\t\t\t\t\t\t\t\t\t\t\t\t\t\t\t\t\t\t\t\t\t\t\t<\/a>\r\n\t\t\t\t\t\t\t\t\t\t\t\t\t\t\t\t\t\t\t\t\t<a class=\"hidden\" href=\"https:\/\/repacktravelmktg.com\/wp-content\/uploads\/2025\/05\/Nakari-Camp-04.jpg\" data-elementor-lightbox-slideshow=\"1868233395\">\r\n\t\t\t\t\t\t\t\t\t\t\t\t\t\t\t\t\t\t\t\t\t\t\t<\/a>\r\n\t\t\t\t\t\t\t\t\t\t\r\n\t\t\t\t\t\t\t\t\r\n\t\t\t\t\t\t\t<\/div>\r\n\t\t\t\t\t\t\t\t\t\t\t<\/div>\r\n\r\n\t\t\t\t\t<h3 class=\"title\">\r\n\t\t\t\t\t\t<a href=\"https:\/\/repacktravelmktg.com\/de\/booking\/marsa-nakari-6-days-5-nights-house-reef-diving-package\/\">Marsa Nakari 6 Tage 5 N\u00e4chte Hausriff-Tauchabenteuer<\/a>\r\n\t\t\t\t\t<\/h3>\r\n\t\t\t\t\t\r\n\t\t\t\t\t\r\n\t\t\t\t\t<div class=\"ba-price\">\r\n\t\t\t\t\t\t<label>Aus<\/label>\r\n\t\t\t\t\t\t<span class=\"item_info_price_new\"><span class=\"currency_amount\" data-amount=\"844.32000732422\"><span class=\"currency_symbol\">\u20ac<\/span>844.32<\/span><\/span>\r\n\t\t\t\t\t\t\t\t\t\t\t<\/div>\r\n\t\t\t\t<\/div>   \r\n\r\n\t\t  <\/div>\r\n\t <\/div>\r\n<\/div><\/div>\t\t\t\t<\/div>    \r\n\t\t\t<\/div>\r\n\t\t<\/div>   \r\n\t\t<div class=\"swiper-pagination\"><\/div>\t\t<div class=\"swiper-nav-next\"><\/div><div class=\"swiper-nav-prev\"><\/div>\t<\/div>\r\n\r\n\t<\/div>\t\t\t\t<\/div>\n\t\t\t\t<\/div>\n\t\t\t\t\t<\/div>\n\t\t<\/div>\n\t\t\t\t\t<\/div>\n\t\t<\/section>\n\t\t\t\t<section class=\"elementor-section elementor-top-section elementor-element elementor-element-a5459a3 elementor-section-boxed elementor-section-height-default elementor-section-height-default row-top\" data-id=\"a5459a3\" data-element_type=\"section\" data-e-type=\"section\">\n\t\t\t\t\t\t<div class=\"elementor-container elementor-column-gap-default\">\n\t\t\t\t\t<div class=\"elementor-column elementor-col-100 elementor-top-column elementor-element elementor-element-fda5edc\" data-id=\"fda5edc\" data-element_type=\"column\" data-e-type=\"column\">\n\t\t\t<div class=\"elementor-widget-wrap\">\n\t\t\t\t\t\t\t<\/div>\n\t\t<\/div>\n\t\t\t\t\t<\/div>\n\t\t<\/section>\n\t\t\t\t<\/div>","protected":false},"excerpt":{"rendered":"<p>Marsa Nakari Camp Diving packages Dive into a world of wonder! Explore Marsa Alam&#8217;s breathtaking underwater paradise with our dive packages. We cater to all experience levels, from curious beginners [&hellip;]<\/p>\n","protected":false},"author":3,"featured_media":0,"parent":0,"menu_order":0,"comment_status":"closed","ping_status":"closed","template":"","meta":{"om_disable_all_campaigns":false,"_monsterinsights_skip_tracking":false,"_monsterinsights_sitenote_active":false,"_monsterinsights_sitenote_note":"","_monsterinsights_sitenote_category":0,"footnotes":""},"class_list":["post-2508","page","type-page","status-publish","hentry"],"aioseo_notices":[],"_links":{"self":[{"href":"https:\/\/repacktravelmktg.com\/de\/wp-json\/wp\/v2\/pages\/2508","targetHints":{"allow":["GET"]}}],"collection":[{"href":"https:\/\/repacktravelmktg.com\/de\/wp-json\/wp\/v2\/pages"}],"about":[{"href":"https:\/\/repacktravelmktg.com\/de\/wp-json\/wp\/v2\/types\/page"}],"author":[{"embeddable":true,"href":"https:\/\/repacktravelmktg.com\/de\/wp-json\/wp\/v2\/users\/3"}],"replies":[{"embeddable":true,"href":"https:\/\/repacktravelmktg.com\/de\/wp-json\/wp\/v2\/comments?post=2508"}],"version-history":[{"count":0,"href":"https:\/\/repacktravelmktg.com\/de\/wp-json\/wp\/v2\/pages\/2508\/revisions"}],"wp:attachment":[{"href":"https:\/\/repacktravelmktg.com\/de\/wp-json\/wp\/v2\/media?parent=2508"}],"curies":[{"name":"wp","href":"https:\/\/api.w.org\/{rel}","templated":true}]}}